{"id":2179,"date":"2023-08-21T13:13:30","date_gmt":"2023-08-21T06:13:30","guid":{"rendered":"https:\/\/pganovaworld.com?page_id=2179"},"modified":"2023-08-21T13:13:44","modified_gmt":"2023-08-21T06:13:44","slug":"driving-range","status":"publish","type":"page","link":"https:\/\/novagolfclubs.com\/ko\/driving-range\/","title":{"rendered":"\uc5f0\uc2b5\uc7a5"},"content":{"rendered":"  <div id=\"page-header-2066583045\" class=\"page-header-wrapper\">\n  <div class=\"page-title header-page-child dark featured-title\">\n\n        <div class=\"page-title-bg\">\n      <div class=\"title-bg fill bg-fill\"\n        data-parallax-container=\".page-title\"\n        data-parallax-background\n        data-parallax=\"-\">\n      <\/div>\n      <div class=\"title-overlay fill\"><\/div>\n    <\/div>\n    \n    <div class=\"page-title-inner container align-center text-center flex-row-col medium-flex-wrap\" >\n              <div class=\"title-wrapper flex-col\">\n          <h1 class=\"entry-title mb-0\">\n            \uc5f0\uc2b5\uc7a5          <\/h1>\n        <\/div>\n                    <div class=\"title-content flex-col\">\n        <div class=\"title-breadcrumbs pb-half pt-half\"><\/div>      <\/div>\n    <\/div>\n\n     \n<style>\n#page-header-2066583045 .page-title-inner {\n  min-height: 810px;\n}\n#page-header-2066583045 .title-bg {\n  background-image: url(https:\/\/novagolfclubs.com\/wp-content\/uploads\/2022\/08\/Practise-Facilities-HR-6-scaled.jpg);\n}\n#page-header-2066583045 .title-overlay {\n  background-color: rgba(255, 255, 255, 0);\n}\n<\/style>\n  <\/div>\n    <\/div>\n  \n\t<section class=\"section\" id=\"section_1373126785\">\n\t\t<div class=\"bg section-bg fill bg-fill  bg-loaded\" >\n\n\t\t\t\n\t\t\t\n\t\t\t\n\n\t\t<\/div>\n\n\t\t\n\n\t\t<div class=\"section-content relative\">\n\t\t\t\n<div class=\"row\"  id=\"row-2066567265\">\n\n\t<div id=\"col-1278779377\" class=\"col medium-4 small-12 large-4\"  >\n\t\t\t\t<div class=\"col-inner\"  >\n\t\t\t\n\t\t\t\n\t<div id=\"text-3220728281\" class=\"text txt-dr hidden\">\n\t\t\n<p>driving range<br \/>\n\t\t\t<\/div>\n\t\n\t\t<\/div>\n\t\t\t\t\t<\/div>\n\n\t\n\n<\/div>\n\t\t<\/div>\n\n\t\t\n<style>\n#section_1373126785 {\n  padding-top: 30px;\n  padding-bottom: 30px;\n  background-color: rgb(30, 67, 102);\n}\n#section_1373126785 .ux-shape-divider--top svg {\n  height: 150px;\n  --divider-top-width: 100%;\n}\n#section_1373126785 .ux-shape-divider--bottom svg {\n  height: 150px;\n  --divider-width: 100%;\n}\n<\/style>\n\t<\/section>\n\t\n\t<section class=\"section\" id=\"section_2020993755\">\n\t\t<div class=\"bg section-bg fill bg-fill  bg-loaded\" >\n\n\t\t\t\n\t\t\t\n\t\t\t\n\n\t\t<\/div>\n\n\t\t\n\n\t\t<div class=\"section-content relative\">\n\t\t\t\n<div class=\"row\"  id=\"row-1383327724\">\n\n\t<div id=\"col-808241045\" class=\"col small-12 large-12\"  >\n\t\t\t\t<div class=\"col-inner\"  >\n\t\t\t\n\t\t\t\n    <div class=\"slider-wrapper relative slider-thub\" id=\"slider-1975775353\" >\n        <div class=\"slider slider-nav-simple slider-nav-large slider-nav-light slider-nav-outside slider-style-normal slider-show-nav slider-1975775353\" data-flickity-options='{\n              \n              \"cellAlign\": \"center\",\n              \"imagesLoaded\": true,\n              \"lazyLoad\": 1,\n              \"freeScroll\": false,\n              \"wrapAround\": false,\n              \"autoPlay\": 6000,\n              \"pauseAutoPlayOnHover\" : true,\n              \"prevNextButtons\": true,\n              \"contain\" : true,\n              \"adaptiveHeight\" : true,\n              \"dragThreshold\" : 10,\n              \"percentPosition\": true,\n              \"pageDots\": false,\n              \"rightToLeft\": false,\n              \"draggable\": true,\n              \"selectedAttraction\": 0.1,\n              \"parallax\" : 0,\n              \"friction\": 0.6          }'>\n            \n\t<div class=\"img has-hover x md-x lg-x y md-y lg-y\" id=\"image_1371625042\">\n\t\t\t\t\t\t\t\t<div class=\"img-inner dark\" >\n\t\t\t<img loading=\"lazy\" decoding=\"async\" width=\"1920\" height=\"1078\" src=\"https:\/\/novagolfclubs.com\/wp-content\/uploads\/2023\/07\/Model-4.jpg\" class=\"attachment-original size-original\" alt=\"\" srcset=\"https:\/\/novagolfclubs.com\/wp-content\/uploads\/2023\/07\/Model-4.jpg 1920w, https:\/\/novagolfclubs.com\/wp-content\/uploads\/2023\/07\/Model-4-300x168.jpg 300w, https:\/\/novagolfclubs.com\/wp-content\/uploads\/2023\/07\/Model-4-1024x575.jpg 1024w, https:\/\/novagolfclubs.com\/wp-content\/uploads\/2023\/07\/Model-4-768x431.jpg 768w, https:\/\/novagolfclubs.com\/wp-content\/uploads\/2023\/07\/Model-4-1536x862.jpg 1536w, https:\/\/novagolfclubs.com\/wp-content\/uploads\/2023\/07\/Model-4-600x337.jpg 600w\" sizes=\"auto, (max-width: 1920px) 100vw, 1920px\" \/>\t\t\t\t\t\t\n\t\t\t\t\t<\/div>\n\t\t\t\t\t\t\t\t\n<style>\n#image_1371625042 {\n  width: 100%;\n}\n<\/style>\n\t<\/div>\n\t\n\t<div class=\"img has-hover x md-x lg-x y md-y lg-y\" id=\"image_1838581357\">\n\t\t\t\t\t\t\t\t<div class=\"img-inner dark\" >\n\t\t\t<img loading=\"lazy\" decoding=\"async\" width=\"1920\" height=\"1280\" src=\"https:\/\/novagolfclubs.com\/wp-content\/uploads\/2023\/07\/Model-6.jpg\" class=\"attachment-original size-original\" alt=\"\" srcset=\"https:\/\/novagolfclubs.com\/wp-content\/uploads\/2023\/07\/Model-6.jpg 1920w, https:\/\/novagolfclubs.com\/wp-content\/uploads\/2023\/07\/Model-6-300x200.jpg 300w, https:\/\/novagolfclubs.com\/wp-content\/uploads\/2023\/07\/Model-6-1024x683.jpg 1024w, https:\/\/novagolfclubs.com\/wp-content\/uploads\/2023\/07\/Model-6-768x512.jpg 768w, https:\/\/novagolfclubs.com\/wp-content\/uploads\/2023\/07\/Model-6-1536x1024.jpg 1536w, https:\/\/novagolfclubs.com\/wp-content\/uploads\/2023\/07\/Model-6-600x400.jpg 600w\" sizes=\"auto, (max-width: 1920px) 100vw, 1920px\" \/>\t\t\t\t\t\t\n\t\t\t\t\t<\/div>\n\t\t\t\t\t\t\t\t\n<style>\n#image_1838581357 {\n  width: 100%;\n}\n<\/style>\n\t<\/div>\n\t\n        <\/div>\n        <div class=\"slider-custom slider slider-nav-simple slider-nav-large slider-nav-light slider-nav-outside slider-style-normal slider-show-nav \" data-flickity-options='{\n              \"asNavFor\": \".slider-1975775353\",\n              \"cellAlign\": \"center\",\n              \"imagesLoaded\": true,\n              \"lazyLoad\": 1,\n              \"freeScroll\": false,\n              \"wrapAround\": false,\n              \"autoPlay\": 6000,\n              \"pauseAutoPlayOnHover\" : true,\n              \"prevNextButtons\": true,\n              \"contain\" : true,\n              \"adaptiveHeight\" : true,\n              \"dragThreshold\" : 10,\n              \"percentPosition\": true,\n              \"pageDots\": false,\n              \"rightToLeft\": false,\n              \"draggable\": true,\n              \"selectedAttraction\": 0.1,\n              \"parallax\" : 0,\n              \"friction\": 0.6          }'>\n            \n\t<div class=\"img has-hover x md-x lg-x y md-y lg-y\" id=\"image_1937143463\">\n\t\t\t\t\t\t\t\t<div class=\"img-inner dark\" >\n\t\t\t<img loading=\"lazy\" decoding=\"async\" width=\"1920\" height=\"1078\" src=\"https:\/\/novagolfclubs.com\/wp-content\/uploads\/2023\/07\/Model-4.jpg\" class=\"attachment-original size-original\" alt=\"\" srcset=\"https:\/\/novagolfclubs.com\/wp-content\/uploads\/2023\/07\/Model-4.jpg 1920w, https:\/\/novagolfclubs.com\/wp-content\/uploads\/2023\/07\/Model-4-300x168.jpg 300w, https:\/\/novagolfclubs.com\/wp-content\/uploads\/2023\/07\/Model-4-1024x575.jpg 1024w, https:\/\/novagolfclubs.com\/wp-content\/uploads\/2023\/07\/Model-4-768x431.jpg 768w, https:\/\/novagolfclubs.com\/wp-content\/uploads\/2023\/07\/Model-4-1536x862.jpg 1536w, https:\/\/novagolfclubs.com\/wp-content\/uploads\/2023\/07\/Model-4-600x337.jpg 600w\" sizes=\"auto, (max-width: 1920px) 100vw, 1920px\" \/>\t\t\t\t\t\t\n\t\t\t\t\t<\/div>\n\t\t\t\t\t\t\t\t\n<style>\n#image_1937143463 {\n  width: 100%;\n}\n<\/style>\n\t<\/div>\n\t\n\t<div class=\"img has-hover x md-x lg-x y md-y lg-y\" id=\"image_1736796127\">\n\t\t\t\t\t\t\t\t<div class=\"img-inner dark\" >\n\t\t\t<img loading=\"lazy\" decoding=\"async\" width=\"1920\" height=\"1280\" src=\"https:\/\/novagolfclubs.com\/wp-content\/uploads\/2023\/07\/Model-6.jpg\" class=\"attachment-original size-original\" alt=\"\" srcset=\"https:\/\/novagolfclubs.com\/wp-content\/uploads\/2023\/07\/Model-6.jpg 1920w, https:\/\/novagolfclubs.com\/wp-content\/uploads\/2023\/07\/Model-6-300x200.jpg 300w, https:\/\/novagolfclubs.com\/wp-content\/uploads\/2023\/07\/Model-6-1024x683.jpg 1024w, https:\/\/novagolfclubs.com\/wp-content\/uploads\/2023\/07\/Model-6-768x512.jpg 768w, https:\/\/novagolfclubs.com\/wp-content\/uploads\/2023\/07\/Model-6-1536x1024.jpg 1536w, https:\/\/novagolfclubs.com\/wp-content\/uploads\/2023\/07\/Model-6-600x400.jpg 600w\" sizes=\"auto, (max-width: 1920px) 100vw, 1920px\" \/>\t\t\t\t\t\t\n\t\t\t\t\t<\/div>\n\t\t\t\t\t\t\t\t\n<style>\n#image_1736796127 {\n  width: 100%;\n}\n<\/style>\n\t<\/div>\n\t\n        <\/div>\n        <div class=\"loading-spin dark large centered\"><\/div>\n\n        <style scope=\"scope\">\n            .slider-custom {\n\n            }\n\n            .slider-custom .flickity-slider .img {\n                max-width: 20% !important;\n            }\n\n                    <\/style>\n    <\/div><!-- .ux-slider-wrapper -->\n\n\n\t<div id=\"text-76583876\" class=\"text txt-slider hidden\">\n\t\t\n<p>Ngay t\u1ea1i h\u1ecdc vi\u1ec7n, kh\u00e1ch s\u1ebd c\u00f3 th\u1ec3 l\u00e0m vi\u1ec7c v\u1edbi hai Chuy\u00ean gia PGA to\u00e0n th\u1eddi gian, ngo\u00e0i m\u1ed9t chuy\u00ean gia th\u1ec3 d\u1ee5c \u0111\u01b0\u1ee3c TPI ch\u1ee9ng nh\u1eadn. H\u1ecd s\u1ebd c\u00f3 m\u1ed9t khu v\u1ef1c s\u00e2n t\u1eadp golf c\u00f3 \u0111\u00e8n pha hi\u1ec7n \u0111\u1ea1i d\u00e0i 300m v\u1edbi t\u1ea5t c\u1ea3 c\u00e1c thi\u1ebft b\u1ecb h\u1ed7 tr\u1ee3 hu\u1ea5n luy\u1ec7n hi\u1ec7n \u0111\u1ea1i \u0111\u00e1p \u1ee9ng y\u00eau c\u1ea7u, ngo\u00e0i ra c\u00f2n c\u00f3 khu v\u1ef1c \u0111\u00e1nh b\u00f3ng ng\u1eafn, khu green g\u1ea1t b\u00f3ng 18 l\u1ed7, s\u00e2n t\u1eadp ng\u1eafn 6 l\u1ed7 v\u00e0 khu h\u1ecdc vi\u1ec7n t\u01b0 nh\u00e2n d\u00e0nh cho hu\u1ea5n luy\u1ec7n 1:1.<br \/>\n\u0110\u1ed1i v\u1edbi nh\u1eefng ng\u01b0\u1eddi mu\u1ed1n t\u1ef1 luy\u1ec7n t\u1eadp \u1edf khu v\u1ef1c b\u00ean d\u01b0\u1edbi, s\u1ebd c\u00f3 18 s\u00e2n t\u1eadp b\u00f3ng Toptracer \u0111\u1ec3 h\u1ecd ch\u01a1i t\u1eeb c\u1ea5p \u0111\u1ed9 c\u01a1 b\u1ea3n. \u0110i l\u00ean tr\u00ean s\u1ebd c\u00f3 m\u1ed9t qu\u00e1n bar th\u1ec3 thao v\u1edbi 12 gian h\u00e0ng gia \u0111\u00ecnh Toptracer cho c\u00e1c nh\u00f3m l\u1edbn h\u01a1n, trong khi tr\u00ean t\u1ea7ng cao nh\u1ea5t c\u00f3 m\u1ed9t qu\u1ea7y bar tr\u00ean s\u00e2n th\u01b0\u1ee3ng v\u00e0 b\u1ed1n d\u00e3y ph\u00f2ng VIP Toptracer.<br \/>\n\t\t\n<style>\n#text-76583876 {\n  text-align: center;\n}\n<\/style>\n\t<\/div>\n\t\n\t\t<\/div>\n\t\t\t\t\t<\/div>\n\n\t\n<\/div>\n\t\t<\/div>\n\n\t\t\n<style>\n#section_2020993755 {\n  padding-top: 30px;\n  padding-bottom: 30px;\n}\n#section_2020993755 .ux-shape-divider--top svg {\n  height: 150px;\n  --divider-top-width: 100%;\n}\n#section_2020993755 .ux-shape-divider--bottom svg {\n  height: 150px;\n  --divider-width: 100%;\n}\n<\/style>\n\t<\/section>\n\t\n","protected":false},"excerpt":{"rendered":"","protected":false},"author":2,"featured_media":0,"parent":0,"menu_order":0,"comment_status":"closed","ping_status":"closed","template":"","meta":{"footnotes":""},"class_list":["post-2179","page","type-page","status-publish","hentry"],"acf":[],"_links":{"self":[{"href":"https:\/\/novagolfclubs.com\/ko\/wp-json\/wp\/v2\/pages\/2179","targetHints":{"allow":["GET"]}}],"collection":[{"href":"https:\/\/novagolfclubs.com\/ko\/wp-json\/wp\/v2\/pages"}],"about":[{"href":"https:\/\/novagolfclubs.com\/ko\/wp-json\/wp\/v2\/types\/page"}],"author":[{"embeddable":true,"href":"https:\/\/novagolfclubs.com\/ko\/wp-json\/wp\/v2\/users\/2"}],"replies":[{"embeddable":true,"href":"https:\/\/novagolfclubs.com\/ko\/wp-json\/wp\/v2\/comments?post=2179"}],"version-history":[{"count":2,"href":"https:\/\/novagolfclubs.com\/ko\/wp-json\/wp\/v2\/pages\/2179\/revisions"}],"predecessor-version":[{"id":2199,"href":"https:\/\/novagolfclubs.com\/ko\/wp-json\/wp\/v2\/pages\/2179\/revisions\/2199"}],"wp:attachment":[{"href":"https:\/\/novagolfclubs.com\/ko\/wp-json\/wp\/v2\/media?parent=2179"}],"curies":[{"name":"wp","href":"https:\/\/api.w.org\/{rel}","templated":true}]}}